{"id":22,"date":"2025-03-17T20:12:25","date_gmt":"2025-03-17T20:12:25","guid":{"rendered":"https:\/\/stimetal.org.br\/2025\/?page_id=22"},"modified":"2026-03-30T19:00:08","modified_gmt":"2026-03-30T22:00:08","slug":"convencoes","status":"publish","type":"page","link":"https:\/\/stimetal.org.br\/2025\/convencoes\/","title":{"rendered":"Conven\u00e7\u00f5es"},"content":{"rendered":"\t\t<div data-elementor-type=\"wp-page\" data-elementor-id=\"22\" class=\"elementor elementor-22\" data-elementor-post-type=\"page\">\n\t\t\t\t<div class=\"elementor-element elementor-element-5cfbbf0 e-con-full e-flex e-con e-parent\" data-id=\"5cfbbf0\" data-element_type=\"container\" data-e-type=\"container\">\n\t\t\t\t<div class=\"elementor-element elementor-element-cad7862 elementor-widget elementor-widget-heading\" data-id=\"cad7862\" data-element_type=\"widget\" data-e-type=\"widget\" data-widget_type=\"heading.default\">\n\t\t\t\t<div class=\"elementor-widget-container\">\n\t\t\t\t\t<h2 class=\"elementor-heading-title elementor-size-default\">CONVEN\u00c7\u00d5ES<\/h2>\t\t\t\t<\/div>\n\t\t\t\t<\/div>\n\t\t\t\t<\/div>\n\t\t<div class=\"elementor-element elementor-element-d3abfeb e-flex e-con-boxed e-con e-parent\" data-id=\"d3abfeb\" data-element_type=\"container\" data-e-type=\"container\">\n\t\t\t\t\t<div class=\"e-con-inner\">\n\t\t\t\t<div class=\"elementor-element elementor-element-aff09a6 elementor-widget elementor-widget-text-editor\" data-id=\"aff09a6\" data-element_type=\"widget\" data-e-type=\"widget\" data-widget_type=\"text-editor.default\">\n\t\t\t\t<div class=\"elementor-widget-container\">\n\t\t\t\t\t\t\t\t\t<h4><a href=\"https:\/\/stimetal.org.br\/2025\/wp-content\/uploads\/2026\/03\/CCT-G2-2025-2027.pdf\" target=\"_blank\" rel=\"noopener\">&#8211; CCT G2 Sindimaq 2025-2027<\/a><\/h4>\n<h4><a href=\"https:\/\/acrobat.adobe.com\/id\/urn:aaid:sc:US:befdadec-47fb-4a66-a4f6-4ab75323663c\" target=\"_blank\" rel=\"noopener\">&#8211; CCT SINDIFUPI 2025-2026<\/a><\/h4>\n<h4><a href=\"https:\/\/stimetal.org.br\/2025\/wp-content\/uploads\/2025\/12\/CCT_2025_2027_Araraquara.pdf\" target=\"_blank\" rel=\"noopener\">&#8211; CCT SINDIPE\u00c7AS 2025\/2027<\/a><\/h4>\n<p style=\"text-align: left;\"><span style=\"color: #e03e2d;\"><span style=\"font-size: 18pt;\">CONVEN\u00c7\u00d5ES DATA-BASE 2022 (20.10.2022)<\/span><\/span><\/p>\n<p style=\"text-align: left;\"><a href=\"https:\/\/drive.google.com\/file\/d\/16qM5VSXBDphbzzr5BMSU0XUjKTXlA-Es\/view?usp=sharing\"><span style=\"font-size: 18px;\"><span style=\"font-size: 24px;\"><span style=\"color: #0724ea;\">&#8211; CCT &#8211; SINDIMAQ 2022, PDF<\/span><\/span><\/span><\/a><\/p>\n<p style=\"text-align: left;\"><em><span style=\"font-size: 18px;\"><span style=\"font-size: 24px;\"><span style=\"color: #0724ea;\">&#8211; <a href=\"https:\/\/drive.google.com\/file\/d\/1Leb1-9XgmYKISR7FLWnYqZ1_iATICwM9\/view?usp=sharing\">CCT &#8211; SINDICEL 2022, PDF<\/a><\/span><\/span><\/span><\/em><\/p>\n<p style=\"text-align: left;\"><span style=\"font-size: 18px; color: #0724ea;\"><a style=\"color: #0724ea;\" href=\"https:\/\/drive.google.com\/file\/d\/1wb740wH2O5PwNnIWgpCkO-zleKW5XEc_\/view?usp=sharing\"><span style=\"font-size: 24px;\">&#8211; CCT &#8211; SINDIFUPI 2022, PDF<\/span><\/a><\/span><\/p>\n<p style=\"text-align: left;\"><a href=\"https:\/\/drive.google.com\/file\/d\/1CBgg7-G-XR3VuC-LwDYaEixMMaZ1M4Z7\/view?usp=sharing\"><span style=\"color: #0724ea;\"><span style=\"font-size: 18pt;\">&#8211; CCT &#8211; SINDRATAR 2022, PDF\u00a0\u00a0<\/span><\/span><\/a><\/p>\n<p style=\"text-align: left;\"><span style=\"color: #0724ea;\"><span style=\"font-size: 18pt;\">&#8211; <a style=\"color: #0724ea;\" href=\"https:\/\/drive.google.com\/file\/d\/1bjATDTe9WPsFoEiRiR-e6pQhKKPm7TBN\/view\">ADITAMENTO &#8211; SINDIPE\u00c7AS (FEM-CUT) 2022, PDF<\/a><\/span><\/span><\/p>\n<p style=\"text-align: left;\"><span style=\"color: #0724ea;\"><span style=\"font-size: 18pt;\">&#8211; CCT &#8211; <a href=\"https:\/\/drive.google.com\/file\/d\/16DqNBUozIW07JlBb0EKtHhHDwA_7YSQP\/view?usp=sharing\">G3 SINDIPE\u00c7AS 2020 &#8211; 2022, PDF<\/a><\/span><\/span><\/p>\n<p style=\"text-align: left;\"><span style=\"color: #0724ea;\"><a style=\"color: #0724ea;\" href=\"https:\/\/drive.google.com\/file\/d\/1SbcnsE_bfwDQ5Xf9fF7rERLHcpgC8JOK\/view\"><span style=\"font-size: 18pt;\">&#8211; CCT &#8211; G8 III (FEM-CUT) 2022, PDF<\/span><\/a><\/span><\/p>\n<p style=\"text-align: left;\"><span style=\"color: #0724ea;\"><a style=\"color: #0724ea;\" href=\"https:\/\/drive.google.com\/file\/d\/1BProdwJsw6wdK43yAqpd3liRP3rwdBFM\/view\"><span style=\"font-size: 18pt;\">&#8211; CCT &#8211; SICETEL (FEM-CUT) 2022, PDF<\/span><\/a><\/span><\/p>\n<p style=\"text-align: left;\"><span style=\"color: #0724ea;\"><a style=\"color: #0724ea;\" href=\"https:\/\/drive.google.com\/file\/d\/1crqZpUCpmVTwEO-L8-vYuQT1jL6UsL02\/view\"><span style=\"font-size: 18pt;\">&#8211; CCT &#8211; SIESCOMET (FEM-CUT) 2022, PDF<\/span><\/a><\/span><\/p>\n<p style=\"text-align: left;\"><span style=\"color: #0724ea;\"><a style=\"color: #0724ea;\" href=\"https:\/\/drive.google.com\/file\/d\/1ZcnbStrc29Z2mP3Peipj-xILprvsNRwO\/view\"><span style=\"font-size: 18pt;\">&#8211; CCT &#8211; SIFESP (FEM-CUT) 2022, PDF<\/span><\/a><\/span><\/p>\n<p style=\"text-align: left;\"><span style=\"color: #0724ea;\"><a style=\"color: #0724ea;\" href=\"https:\/\/drive.google.com\/file\/d\/1EH9YMor56KmyBZeTRZy9s3fKTVR8uTus\/view?pli=1\"><span style=\"font-size: 18pt;\">&#8211; CCT &#8211; SINDIFORJA (FEM-CUT) 2022, PDF<\/span><\/a><\/span><\/p>\n<p style=\"text-align: left;\"><span style=\"color: #0724ea;\"><a style=\"color: #0724ea;\" href=\"https:\/\/drive.google.com\/file\/d\/1J2_3BnEYqys27iY28I6jAJQHbthline9\/view\"><span style=\"font-size: 18pt;\">&#8211; CCT &#8211; SINIEM (FEM-CUT) 2022, PDF<\/span><\/a><\/span><\/p>\n<p style=\"text-align: left;\"><span style=\"color: #0724ea;\"><a style=\"color: #0724ea;\" href=\"https:\/\/drive.google.com\/file\/d\/1-WopCKx4Nwm5fRDXhfQDDuH-v7uHOLbx\/view\"><span style=\"font-size: 24px;\">&#8211; CCT &#8211; SINPA (FEM-CUT) 2022, PDF<\/span><\/a><\/span><\/p>\n\n<h1><span style=\"color: #0000ff;\"><span style=\"font-size: 14pt;\">ADITAMENDO EM CONVEN\u00c7\u00d5ES COLETIVAS DO TRABALHO 2021, no formato PDF:<\/span><\/span><\/h1>\n<span style=\"color: #e03e2d;\"><span style=\"font-size: 14pt;\">&#8211; SINDIFUPI-FEM-CUT SP 2021 &#8211; <\/span><span style=\"font-size: 14pt;\"><a href=\"images\/pdf\/sindifupi-fem-cut-sp%202021-compactado1_compressed-compactado.pdf\">PDF<\/a><\/span><\/span>\n<h1><span style=\"color: #0000ff;\"><span style=\"font-size: 14pt;\">ADITIVOS EM CONVEN\u00c7\u00d5ES COLETIVAS DE TRABALHO &#8211; MAR\u00c7O DE 2021, no formato PDF:<\/span><\/span><\/h1>\n<span style=\"font-size: 14pt; color: #ff0000;\"><a style=\"color: #ff0000;\" href=\"images\/ADITIVO%20FEMCUT-2021-SINDIPECAS-teletrabalho.pdf\">&#8211; ADITIVO FEM-CUT 2021 &#8211; SINDIPECAS (GRUPO AUTO PE\u00c7AS ) &#8211; PRORROGA\u00c7\u00c3O DO TELETRABALHO<\/a><\/span>\n\n<span style=\"font-size: 14pt; color: #ff0000;\"><a style=\"color: #ff0000;\" href=\"images\/ADITIVO%20FEM-CUT%202021-SINPA%20-teletrabalho.pdf\">&#8211; ADITIVO FEM-CUT 2021- SINPA (IND\u00daSTRIA DE PARAFUSOS) &#8211; PRORROGA\u00c7\u00c3O DO TELETRABALHO<\/a><\/span>\n<h1><\/h1>\n<h1><span style=\"color: #ff0000;\"><span style=\"font-size: 18pt;\">ATEN\u00c7\u00c3O &#8211; INSTRU\u00c7\u00d5ES PARA BAIXAR PDF DOS ADITAMENTOS 2019<\/span><\/span><\/h1>\n<p style=\"text-align: left;\"><span style=\"font-size: 18pt;\">1 &#8211; CLIQUE NO LINK &#8220;PDF&#8221; AO LADO DE &#8220;ADITAMENTO 2019&#8221;<\/span><\/p>\n<p style=\"text-align: left;\"><span style=\"font-size: 18pt;\">2 &#8211; EM SEGUIDA A TELA DO DOWNLOAD ABRIR\u00c1\u00a0<\/span><\/p>\n<p style=\"text-align: left;\"><img fetchpriority=\"high\" decoding=\"async\" class=\"alignnone size-medium wp-image-859\" src=\"https:\/\/stimetal.org.br\/2025\/wp-content\/uploads\/2025\/03\/mediafire-300x247.png\" alt=\"\" width=\"300\" height=\"247\" srcset=\"https:\/\/stimetal.org.br\/2025\/wp-content\/uploads\/2025\/03\/mediafire-300x247.png 300w, https:\/\/stimetal.org.br\/2025\/wp-content\/uploads\/2025\/03\/mediafire.png 627w\" sizes=\"(max-width: 300px) 100vw, 300px\" \/><\/p>\n<p style=\"text-align: left;\"><span style=\"font-size: 18pt;\">3 &#8211; CLIQUE NO BOT\u00c3O VERDE &#8220;DOWNLOAD&#8221; E O PDF IR\u00c1 BAIXAR AUTOMATICAMENTE<\/span><\/p>\n<p style=\"text-align: left;\"><span style=\"color: #0000ff; font-size: 18pt;\">CONVEN\u00c7\u00d5ES DATA-BASE 2018 (01.09.2018)<\/span><\/p>\n<p style=\"text-align: left;\"><span style=\"color: #ff0000; font-size: 14pt;\">CCT &#8211; SINDICEL &#8211; FEM<\/span><\/p>\n<p style=\"text-align: left;\"><span style=\"font-size: 14pt; color: #ff0000;\">&#8211; ADITAMENTO 2019 &#8211; <a href=\"https:\/\/www.mediafire.com\/file\/0jgs85kuzzh5y13\/SINDICEL_-_ADITAMENTO_A_CONVENCAO_COLETIVA_DE_TRABALHO_2019-2021_-_COMPLETA_compressed.pdf\/file\">PDF<\/a> <\/span><\/p>\n<p style=\"text-align: left;\"><span style=\"color: #ff0000; font-size: 14pt;\">CCT &#8211; SINDRATAR &#8211; FEM<\/span><\/p>\n<p style=\"text-align: left;\"><span style=\"color: #ff0000; font-size: 14pt;\">&#8211; ADITAMENTO 2019 &#8211; <a href=\"https:\/\/www.mediafire.com\/file\/9yevhkrc6pzayov\/SINDRATAR_-_ADITAMENTO_A_CONVENCAO_COLETIVA_2019_-_COMPLETA-compactado.pdf\/file\">PDF<\/a><\/span><\/p>\n<p style=\"text-align: left;\"><span style=\"color: #ff0000; font-size: 14pt;\">CCT &#8211; SIFESP &#8211; FEM<\/span><\/p>\n<p style=\"text-align: left;\"><span style=\"font-size: 14pt; color: #ff0000;\">&#8211; ADITAMENTO 2019 &#8211; <span style=\"color: #0000ff;\"><a style=\"color: #0000ff;\" href=\"https:\/\/www.mediafire.com\/file\/kpfn8pkxe09tqf6\/SIFESP_%28FUNDICAO%29_-_ADITAMENTO_A_CONVENCAO_COLETIVA_DE_TRABALHO_2019_-_COMPLETA.pdf\/file\">PDF<\/a><\/span><\/span><\/p>\n<p style=\"text-align: left;\"><span style=\"color: #ff0000; font-size: 14pt;\">CCT GRUPO 2 (IND\u00daSTRIA\/M\u00c1QUINAS e OUTRAS)<\/span><\/p>\n<p style=\"text-align: left;\"><span style=\"color: #ff0000; font-size: 14pt;\">&#8211; ADITAMENTO 2019 &#8211; <a href=\"https:\/\/www.mediafire.com\/file\/vpbwzl0krbvmvuc\/GRUPO_2_-_SINDIMAQ_E_SINAEES_-_ADITAMENTO_A_CONVENCAO_COLETIVA_DE_TRABALHO_-_2019-2020_COMPLETA-compactado.pdf\/file\">PDF<\/a><\/span><\/p>\n<p style=\"text-align: left;\"><span style=\"color: #ff0000; font-size: 14pt;\">CCT &#8211; GRUPO 3 (PE\u00c7AS\/VE\u00cdCULOS AUTOMOTORES)\n<\/span><\/p>\n<p style=\"text-align: left;\"><span style=\"font-size: 14pt; color: #ff0000;\">&#8211; ADITAMENTO 2019 &#8211; <span style=\"color: #0000ff;\"><a style=\"color: #0000ff;\" href=\"https:\/\/www.mediafire.com\/file\/9c9pas09hzyz2sy\/GRUPO_3-_ADITIVO_A_CONVENCAO_COLETIVA_DE_TRABALHO_2019_-_COMPLETA%281%29.pdf\/file\">PDF<\/a><\/span><\/span><\/p>\n<p style=\"text-align: left;\"><span style=\"color: #ff0000; font-size: 14pt;\">CCT &#8211; GRUPO 8.2 (ALUM\u00cdNIO e OUTROS) &#8211; <a href=\"http:\/\/www.mediafire.com\/file\/xxha3inyjqe3u3z\/GRUPO_8-2_-_SICETEL_SIESCOMET_-_CONVEN%25C3%2587%25C3%2583O_COLETIVA_DE_TRABALHO_2019-2020_COMPLETA.rar\/file\">(PDF)<\/a><\/span><\/p>\n<p style=\"text-align: left;\"><span style=\"color: #ff0000; font-size: 14pt;\">CCT &#8211; GRUPO 8.3 (FERRO\/METAIS e SIMILARES) &#8211; <a href=\"images\/cctg8.3.pdf\">(PDF) <\/a><\/span><\/p>\n<p style=\"text-align: left;\"><span style=\"color: #ff0000; font-size: 14pt;\">&#8211; ADITAMENTO GRUPO 8.3 &#8211; 2019\u00a0<a href=\"https:\/\/www.mediafire.com\/file\/oa120v8ro9c647k\/GRUPO_8-3_-_CCT-_33_PAGINAS_-_COMPLETA.rar\/file\">(PDF)<\/a><\/span><\/p>\n<p style=\"text-align: left;\"><span style=\"font-size: 18pt;\"><span style=\"color: #0000ff;\">_________________________________<\/span><\/span><\/p>\n<p style=\"text-align: left;\"><span style=\"color: #0000ff;\"><span style=\"font-size: 18pt;\">DATA-BASE 2017 &#8211; 2018<\/span><\/span><\/p>\n<p style=\"text-align: left;\"><span style=\"font-size: 14pt; color: #ff0000;\">FEMSP &#8211; FUNDI\u00c7\u00c3O &#8211; CCT2017 -2018 &#8211; <a href=\"images\/FEMSP-FUNDICAO-CCT2017-2018-min-ilovepdf-compressed.pdf\">CLIQUE PARA LER<\/a><\/span><\/p>\n<p style=\"text-align: left;\"><span style=\"font-size: 14pt; color: #ff0000;\">FEMSP &#8211; SINIEM &#8211; CCT2017 &#8211; 2018 &#8211;\u00a0<a href=\"images\/FEMSP-SINIEM-CCT2017-2018-min-ilovepdf-compressed.pdf\">CLIQUE PARA LER<\/a><\/span><\/p>\n<p style=\"text-align: left;\"><span style=\"font-size: 14pt; color: #ff0000;\">FEMSP &#8211; SICETEL &#8211; SIESCOMET &#8211; CCT2017 &#8211; 2018 &#8211; <a href=\"images\/FEMSP-SICETEL-SIESCOMET-CCT2017-2018-min-ilovepdf-compressed.pdf\">CLIQUE PARA LER<\/a><\/span><\/p>\n<p style=\"text-align: left;\"><span style=\"color: #ff0000; font-size: 14pt;\">FEMSP &#8211; SINAFER &#8211; SAMFESP &#8211; SIMEFRE &#8211; CCT2017 &#8211; 2018 &#8211; <a href=\"images\/FEMSP-SINAFER-SAMFESP-SIMEFRE-CCT2017-2018.compressed.pdf\">CLIQUE PARA LER<\/a><\/span><\/p>\n<p style=\"text-align: left;\"><span style=\"font-size: 14pt; color: #ff0000;\">FEMSP &#8211; SINDRATAR &#8211; CCT2017 &#8211; 2018 &#8211; <a href=\"images\/FEMSP-SINDRATAR-CCT2017-2018.compressed.pdf\">CLIQUE PARA LER<\/a><\/span><\/p>\n<p style=\"text-align: left;\"><span style=\"font-size: 14pt; color: #339966;\"><span style=\"color: #ff0000;\">GRUPO G2<\/span> &#8211; IND. M\u00c1QUINAS E OUTROS. <a href=\"images\/CCT%20G2%202016.compressed-1-24.pdf\">PARTE 1<\/a> e\u00a0<a href=\"images\/CCT%20G2%202016.compressed1-25-45.pdf\">PARTE 2 (VIG\u00caNCIA AT\u00c9 31.08.2018) <\/a><\/span><\/p>\n<p style=\"text-align: left;\"><span style=\"font-size: 14pt; color: #339966;\"><span style=\"color: #ff0000;\">GRUPO G8<\/span> &#8211; IND. ALUM\u00cdNIO E OUTROS. <a href=\"images\/Conveno%20G8.pdf\">PARTE 1<\/a> e <a href=\"images\/Conveno%20G8%20parte%202.pdf\">PARTE 2<\/a><\/span><span style=\"font-size: 14pt; color: #ff0000;\"> (VIG\u00caNCIA AT\u00c9 31.08.2017)\n<\/span><\/p>\n<p style=\"text-align: left;\"><span style=\"font-size: 14pt; color: #ff0000;\">GRUPO G10<\/span>\u00a0 &#8211; <span style=\"font-size: 14pt; color: #339966;\">OFICINAS MEC\u00c2NICAS, AUTO-ELETROS e SIMILARES <a href=\"images\/Conveno%20Coletiva%20grupo%2010.pdf\">CLIQUE AQUI <\/a><span style=\"color: #ff0000;\">(VIG\u00caNCIA AT\u00c9 31.08.2017)<\/span>\n<\/span><\/p>\n<p style=\"text-align: left;\"><span style=\"font-size: 14pt;\"><span style=\"color: #ff0000;\">GRUPO FUNDI\u00c7\u00c3O<\/span>\u00a0<a href=\"images\/CCT-FUNDICAO-2016.compressed-1-20.pdf\">PARTE 1<\/a> <span style=\"color: #339966;\">e<\/span> <a href=\"images\/CCT-FUNDICAO-2016.compressed-21-41.pdf\">PARTE 2 (VIG\u00caNCIA AT\u00c9 31.08.2017)<\/a><\/span><\/p>\n\n<h1><\/h1>\n<h1><span style=\"font-size: 14pt; color: #0000ff;\">DATA-BASE 2016 <\/span><\/h1>\n<span style=\"color: #0000ff; font-size: 14pt;\"><span style=\"color: #ff0000;\">GRUPO G2 &#8211; IND. MAQUINAS E OUTROS.<\/span> <a href=\"images\/CCT%20G2%202016.compressed-1-24.pdf\">PARTE 1<\/a> e <a href=\"images\/CCT%20G2%202016.compressed1-25-45.pdf\">PARTE 2 (VIG\u00caNCIA AT\u00c9 31.08.2018)<\/a><\/span>\n\n<span style=\"color: #ff0000; font-size: 14pt;\">GRUPO FUNDI\u00c7\u00c3O &#8211;\u00a0<a href=\"images\/CCT-FUNDICAO-2016.compressed-1-20.pdf\">PARTE 1<\/a> e\u00a0<a href=\"images\/CCT-FUNDICAO-2016.compressed-21-41.pdf\">PARTE 2<\/a> <\/span>\n\n<span style=\"font-size: 14pt;\"><span style=\"color: #ff0000;\">GRUPO G8 &#8211; IND. ALUMINIO e OUTROS &#8211;\u00a0<a href=\"images\/Conveno%20G8.pdf\">PARTE 1<\/a> e\u00a0<a href=\"images\/Conveno%20G8%20parte%202.pdf\">PARTE 2<\/a> (VIG\u00caNCIA AT\u00c9 31.08.2017).<\/span> <\/span>\n\n<span style=\"font-size: 14pt; color: #ff0000;\">GRUPO ESQUADRIAS E CONSTRU\u00c7\u00d5ES METALICAS DO ESTADO DE SP &#8211; <a href=\"images\/CONVENO%20COLETIVA%20ESQUADRIAS.pdf\">CLIQUE AQUI<\/a><\/span>\t\t\t\t\t\t\t\t<\/div>\n\t\t\t\t<\/div>\n\t\t\t\t\t<\/div>\n\t\t\t\t<\/div>\n\t\t<div class=\"elementor-element elementor-element-54533eb e-flex e-con-boxed e-con e-parent\" data-id=\"54533eb\" data-element_type=\"container\" data-e-type=\"container\">\n\t\t\t\t\t<div class=\"e-con-inner\">\n\t\t\t\t<div class=\"elementor-element elementor-element-8c13bc3 elementor-widget elementor-widget-wp-widget-archives\" data-id=\"8c13bc3\" data-element_type=\"widget\" data-e-type=\"widget\" data-widget_type=\"wp-widget-archives.default\">\n\t\t\t\t<div class=\"elementor-widget-container\">\n\t\t\t\t\t<h5>Arquivos<\/h5>\t\t<label class=\"screen-reader-text\" for=\"archives-dropdown-REPLACE_TO_ID\">Arquivos<\/label>\n\t\t<select id=\"archives-dropdown-REPLACE_TO_ID\" name=\"archive-dropdown\">\n\t\t\t\n\t\t\t<option value=\"\">Selecionar o m\u00eas<\/option>\n\t\t\t\t<option value='https:\/\/stimetal.org.br\/2025\/2025\/03\/'> mar\u00e7o 2025 <\/option>\n\n\t\t<\/select>\n\n\t\t\t<script>\n( ( dropdownId ) => {\n\tconst dropdown = document.getElementById( dropdownId );\n\tfunction onSelectChange() {\n\t\tsetTimeout( () => {\n\t\t\tif ( 'escape' === dropdown.dataset.lastkey ) {\n\t\t\t\treturn;\n\t\t\t}\n\t\t\tif ( dropdown.value ) {\n\t\t\t\tdocument.location.href = dropdown.value;\n\t\t\t}\n\t\t}, 250 );\n\t}\n\tfunction onKeyUp( event ) {\n\t\tif ( 'Escape' === event.key ) {\n\t\t\tdropdown.dataset.lastkey = 'escape';\n\t\t} else {\n\t\t\tdelete dropdown.dataset.lastkey;\n\t\t}\n\t}\n\tfunction onClick() {\n\t\tdelete dropdown.dataset.lastkey;\n\t}\n\tdropdown.addEventListener( 'keyup', onKeyUp );\n\tdropdown.addEventListener( 'click', onClick );\n\tdropdown.addEventListener( 'change', onSelectChange );\n})( \"archives-dropdown-REPLACE_TO_ID\" );\n\n\/\/# sourceURL=WP_Widget_Archives%3A%3Awidget\n<\/script>\n\t\t\t\t<\/div>\n\t\t\t\t<\/div>\n\t\t\t\t\t<\/div>\n\t\t\t\t<\/div>\n\t\t\t\t<\/div>\n\t\t","protected":false},"excerpt":{"rendered":"<p>CONVEN\u00c7\u00d5ES &#8211; CCT G2 Sindimaq 2025-2027 &#8211; CCT SINDIFUPI 2025-2026 &#8211; CCT SINDIPE\u00c7AS 2025\/2027 CONVEN\u00c7\u00d5ES DATA-BASE 2022 (20.10.2022) &#8211; CCT &#8211; SINDIMAQ 2022, PDF &#8211; CCT &#8211; SINDICEL 2022, PDF &#8211; CCT &#8211; SINDIFUPI 2022, PDF &#8211; CCT &#8211; SINDRATAR 2022, PDF\u00a0\u00a0 &#8211; ADITAMENTO &#8211; SINDIPE\u00c7AS (FEM-CUT) 2022, PDF &#8211; CCT &#8211; G3 SINDIPE\u00c7AS 2020 [&hellip;]<\/p>\n","protected":false},"author":1,"featured_media":0,"parent":0,"menu_order":0,"comment_status":"closed","ping_status":"closed","template":"","meta":{"footnotes":""},"class_list":["post-22","page","type-page","status-publish","hentry"],"_links":{"self":[{"href":"https:\/\/stimetal.org.br\/2025\/wp-json\/wp\/v2\/pages\/22","targetHints":{"allow":["GET"]}}],"collection":[{"href":"https:\/\/stimetal.org.br\/2025\/wp-json\/wp\/v2\/pages"}],"about":[{"href":"https:\/\/stimetal.org.br\/2025\/wp-json\/wp\/v2\/types\/page"}],"author":[{"embeddable":true,"href":"https:\/\/stimetal.org.br\/2025\/wp-json\/wp\/v2\/users\/1"}],"replies":[{"embeddable":true,"href":"https:\/\/stimetal.org.br\/2025\/wp-json\/wp\/v2\/comments?post=22"}],"version-history":[{"count":67,"href":"https:\/\/stimetal.org.br\/2025\/wp-json\/wp\/v2\/pages\/22\/revisions"}],"predecessor-version":[{"id":1249,"href":"https:\/\/stimetal.org.br\/2025\/wp-json\/wp\/v2\/pages\/22\/revisions\/1249"}],"wp:attachment":[{"href":"https:\/\/stimetal.org.br\/2025\/wp-json\/wp\/v2\/media?parent=22"}],"curies":[{"name":"wp","href":"https:\/\/api.w.org\/{rel}","templated":true}]}}